{"id":128,"date":"2025-04-11T06:59:54","date_gmt":"2025-04-11T06:59:54","guid":{"rendered":"https:\/\/pgander.de\/?page_id=128"},"modified":"2025-04-12T10:02:45","modified_gmt":"2025-04-12T10:02:45","slug":"lebensbild-des-propheten-samuel","status":"publish","type":"page","link":"https:\/\/pgander.de\/?page_id=128","title":{"rendered":"Einf\u00fchrung 1.+2. Buch Samuel &#8211; Betonung auf das Leben Samuels"},"content":{"rendered":"\n<p><strong> 1. Einleitung<\/strong><\/p>\n\n\n\n<p>Samuel kann nicht der Verfasser der beiden B\u00fccher 1. Samuel und 2. Samuel gewesen sein \u2013 in 1. Sam. 25:1 wird sein Tod beschrieben, bevor die Ereignisse stattfinden, die mit Davids Herrschaft in Verbindung stehen. <\/p>\n\n\n\n<p>Auch Nathan und Gad werden als Autoren genannt \u2013 doch auch die waren schon gestorben, als das Buch geschrieben wurde. Schriftliche Aufzeichnungen der drei k\u00f6nnten aber vom unbekannten Autor verwendet worden sein. Oft wird auf das geteilte K\u00f6nigreich hingewiesen, diese Teilung fand 931 vChr. statt. Auch 1. Sam. 27:6, wo gesagt wird, dass Ziklag bis heute den K\u00f6nigen von Juda geh\u00f6rt ist ein klares Indiz f\u00fcr eine Abfassung nach Salomo.<\/p>\n\n\n\n<p>Die Geschehnisse in 1. und 2. Samuel umfassen etwa 135 Jahre von ca. 1105vChr.: Samuels Geburt und ca. 971 vChr.: Davids letzte Worte.<\/p>\n\n\n\n<p>Zu Beginn von 1. Sam. fand sich ein niedriger geistlicher Stand in Israel: verdorbene Priesterschaft. Die Bundeslade war nicht in der Stiftsh\u00fctte. Es gab G\u00f6tzendienst. Durch das Wirken von Samuel und David \u00e4nderte sich das.Die umliegenden Reiche: \u00c4gypten, Assyrien, Babylon, waren keine Bedrohung. Nur die Philister, welche den Gebrauch von Eisen kontrollierten, waren ernstzunehmende Feinde.<\/p>\n\n\n\n<p>Es gibt vier Hauptthemen in den beiden B\u00fcchern:<\/p>\n\n\n\n<p>1. Der davidische Bund (Der Messias ist ein Nachkomme Davids). 2. Gott ist souver\u00e4n. 3. Der Heilige Geist wirkt, bevollm\u00e4chtigt Menschen. 4. Die beiden B\u00fccher Samuel veranschaulichen die Folgen von pers\u00f6nlicher und nationaler S\u00fcnde: a) Die S\u00fcnden des Priesters Eli und dessen S\u00f6hne f\u00fchren zu deren Tod. b) Mangelnde Ehrfurcht vor der Bundeslade f\u00fchrte zum Tod etlicher. c) Sauls Ungehorsam zog das Gericht des Herrn nach sich und seine Verwerfung als K\u00f6nig. d) Auch wenn David nach seinem Bekenntnis (Ehebruch, Mord) Vergebung erfuhr, hatte er unter den Konsequenzenseiner S\u00fcnde zu leiden.<\/p>\n\n\n\n<p>Wir werden nur das Leben Samuels betrachten, mit einer Betonung auf die Hauptthemen von 1. und 2. Samuel \ud83d\ude42 Bei allen Bibeltexten ist zu beachten, dass Gott f\u00fcr die Menschheit zu verschiedenen Zeiten verschiedene Ma\u00dfst\u00e4be angelegt hat. So durften Adam und Eva im Garten Eden die Frucht des Baumes der Erkenntnis des Guten und B\u00f6sen nicht essen. So ist zu beachten, dass Gott Polygamie zu Samuels Zeiten anders bewertete als heute. Auch wissen wir nun, dass Gott zur heutigen Zeit das Opfer Jesu Christi, das vergossene Blut am Kreuz, als einzig g\u00fcltiges Opfer annimmt. Deshalb opfern wir Christen keine Tiere \u2013 Glaube heute besteht im ausschlie\u00dflichen Vertrauen auf das vergossene Blut Jesu. Die Opfer zu Samuels Zeiten waren damals Ausdruck des Glaubens, wie z. B. heute Taufe von gl\u00e4ubigen Menschen oder aktive, verbindliche Gemeindemitgliedschaft in einer bibelfesten Gemeinde. Auf der anderen Seite ist zu bedenken, dass Gott derselbe ist, bleibt, und sein wird. Sein Charakter \u00e4ndert sich nicht. Wenn Gott S\u00fcnde zu Samuels Zeiten bestraft hat, so tut er das auch heute.  <\/p>\n\n\n\n<p>Die Folge von S\u00fcnde ist immer: Tod. Die Bibel unterscheidet drei Tode: 1. Ewige Trennung von Gott in der Ewigkeit (Ungl\u00e4ubige kommen in die H\u00f6lle \u2013 die Bibel nennt es den \u201ezweitenTod\u201c) 2. Wir Menschen sterben auf dieser Erde: Herz-\/Hirntod. Die Seele trennt sich vom irdischen K\u00f6rper. Im AltenTestament benutzte Gott auch das Volk der Juden, um S\u00fcnder so zu bestrafen. 3. Die Verbindung zwischen Gott und dem, der ges\u00fcndigt hat, wird unterbrochen: Wir sind sehbehindert oder garblind f\u00fcr Gottes Wirken und W\u00fcnsche in uns. Nur die Barmherzigkeit Gottes macht diesen unseligen Zustandr\u00fcckg\u00e4ngig. Hier gebraucht Gottes Geist auch Gl\u00e4ubige, um \u201eTote\u201c ins Leben zu bringen: Aus Unglauben wirdGlaube an Jesus Christus. Wenn Gl\u00e4ubige ges\u00fcndigt haben, benutzt Gott noch mehr Mittel, uns die Augen desHerzens zu \u00f6ffnen \u2013 poetisch ausgedr\u00fcckt. Diese Art von Tod wird in Jesaja 59:2 drastisch beschrieben: Bewusstnicht bekannte S\u00fcnde verursacht z. B., dass Gebete nicht unbedingt erh\u00f6rt werden! Dies ist alles stichwortartig \u2013 es f\u00fchrt hier zu weit, n\u00e4her auf die drei Arten von Tod einzugehen. Jede S\u00fcnde zieht eine oder mehrere der drei Tode (unmittelbar) nach sich!Nun w\u00fcnsche und bete ich, dass diese sieben Bibelarbeiten dein Leben ver\u00e4ndern \u2013 und dies durch den Geist Gottes.<\/p>\n\n\n\n<p>Wer tiefer graben m\u00f6chte, dem empfehle ich den Kommentar zur Bibel von William McDonald &#8211; Download kostenlos! <\/p>\n\n\n\n<p><a href=\"https:\/\/clv.de\/Kommentar-zum-Alten-Testament\/256681\">https:\/\/clv.de\/Kommentar-zum-Alten-Testament\/256681<\/a><\/p>\n\n\n\n<p>clv.de ist sehr zu empfehlen, es gibt eine Menge Kommentare von bibeltreuen Auslegern zum kostenlosen Download!<\/p>\n\n\n\n<p><a href=\"https:\/\/pgander.de\/?page_id=154\" data-type=\"page\" data-id=\"154\">Nun gehe weiter zur ersten Bibelarbeit \u00fcber das Leben Samuels: Klicke oder Tippe &#8230;<\/a><\/p>\n\n\n\n<p>P. S. Um das Menu \u00fcbersichtlich zu behalten, sind die Links f\u00fcr die 2. bis zur letzten Bibelarbeit jeweils am Ende der Bibelarbeit &#8211; noch habe ich nicht alle Bibelarbeiten erstellt &#8211; kommt aber ganz bestimmt \ud83d\ude42<\/p>\n","protected":false},"excerpt":{"rendered":"<p>1. Einleitung Samuel kann nicht der Verfasser der beiden B\u00fccher 1. Samuel und 2. Samuel gewesen sein \u2013 in 1. Sam. 25:1 wird sein Tod beschrieben, bevor die Ereignisse stattfinden, die mit Davids Herrschaft in Verbindung stehen. Auch Nathan und Gad werden als Autoren genannt \u2013 doch auch die waren schon gestorben, als das Buch&hellip; <a class=\"more-link\" href=\"https:\/\/pgander.de\/?page_id=128\"><span class=\"screen-reader-text\">Einf\u00fchrung 1.+2. Buch Samuel &#8211; Betonung auf das Leben Samuels<\/span> weiterlesen<\/a><\/p>\n","protected":false},"author":1,"featured_media":0,"parent":0,"menu_order":0,"comment_status":"closed","ping_status":"closed","template":"","meta":{"footnotes":""},"class_list":["post-128","page","type-page","status-publish","hentry","entry"],"_links":{"self":[{"href":"https:\/\/pgander.de\/index.php?rest_route=\/wp\/v2\/pages\/128","targetHints":{"allow":["GET"]}}],"collection":[{"href":"https:\/\/pgander.de\/index.php?rest_route=\/wp\/v2\/pages"}],"about":[{"href":"https:\/\/pgander.de\/index.php?rest_route=\/wp\/v2\/types\/page"}],"author":[{"embeddable":true,"href":"https:\/\/pgander.de\/index.php?rest_route=\/wp\/v2\/users\/1"}],"replies":[{"embeddable":true,"href":"https:\/\/pgander.de\/index.php?rest_route=%2Fwp%2Fv2%2Fcomments&post=128"}],"version-history":[{"count":7,"href":"https:\/\/pgander.de\/index.php?rest_route=\/wp\/v2\/pages\/128\/revisions"}],"predecessor-version":[{"id":163,"href":"https:\/\/pgander.de\/index.php?rest_route=\/wp\/v2\/pages\/128\/revisions\/163"}],"wp:attachment":[{"href":"https:\/\/pgander.de\/index.php?rest_route=%2Fwp%2Fv2%2Fmedia&parent=128"}],"curies":[{"name":"wp","href":"https:\/\/api.w.org\/{rel}","templated":true}]}}