{"id":27,"date":"2023-09-06T10:05:51","date_gmt":"2023-09-06T10:05:51","guid":{"rendered":"https:\/\/pgander.de\/?page_id=27"},"modified":"2025-04-12T09:02:58","modified_gmt":"2025-04-12T09:02:58","slug":"erklaerung","status":"publish","type":"page","link":"https:\/\/pgander.de\/?page_id=27","title":{"rendered":"Erkl\u00e4rung des virtuellen Gebetspaziergangs"},"content":{"rendered":"\n<h3 class=\"wp-block-heading\">Ich habe 2 Varianten vorbereitet: <\/h3>\n\n\n\n<h3 class=\"wp-block-heading\">A: Pers\u00f6nliche oder schwere Not und                              B: Gebet f\u00fcr Deine Gemeinde<\/h3>\n\n\n\n<p>\u201e<strong>A\u201c<\/strong> ist f\u00fcr die, die eine Not vor Gott bringen wollen, (z. B. eine S\u00fcnde\/Sucht, eine Ungerechtigkeit im pers\u00f6nlichen Umfeld, etc.) \u2013 die Dir ein Herzensanliegen ist. Ich habe als Beispiel das Gebet von Nehemia genommen, als er von seinem Bruder erfuhr, dass die Stadt Jerusalem in Tr\u00fcmmern liegt. (Bibelstelle: Nehemia 1:5-11a)<\/p>\n\n\n\n<p>\u201e<strong>B\u201c<\/strong> ist f\u00fcr die, die f\u00fcr ihre Gemeinde beten m\u00f6chten. Ich habe als Beispiel das Gebet von Paulus genommen, das Paulus f\u00fcr die Gemeinde in Koloss\u00e4 betete. Und ab und zu aus anderen Gebeten des Paulus f\u00fcr andere Gemeinden etwas dazu genommen.<\/p>\n\n\n\n<p>Im Laufe des Spaziergangs erstellst Du also ein Gebet, das dein pers\u00f6nliches ist und das vieles mit einpflegt, wie die gro\u00dfen Beter der Bibel zu beten pflegten. Von Station zu Station f\u00fcgst Du selbst etwas deinem Gebet hinzu. (dazu dienen die K\u00e4rtchen, die schon nummeriert sind).<\/p>\n\n\n\n<p>Wenn Du \u201e<strong>A<\/strong>\u201c gew\u00e4hlt hast, lies auch \u201e<strong>B<\/strong>\u201c und umgekehrt, befolge aber die Schritte von Deinem Buchstaben. Durch das Lesen des anderen \u201eBuchstabens\u201c vertieft sich Dein Verst\u00e4ndnis der Station, wo Du gerade bist.<\/p>\n\n\n\n<p>Anmerkung: Wichtiges und Zitate aus der Bibel sind <strong>fett<\/strong>. Als ich diesen Gebetsspaziergang durchf\u00fchrte, hatte jeder meherer K\u00e4rtchen bekommen. Kannst Du nat\u00fcrlich auch machen, jede Station auf ein neues Blatt\/K\u00e4rtchen schreiben. Oder alles auf eine Seite. Der Vorteil von mehreren K\u00e4rtchen ist, dass Du Dein Gebet immer wieder f\u00fcr jede Station neu \u00e4ndern kannst.<\/p>\n\n\n\n<p><a href=\"https:\/\/pgander.de\/?page_id=63\" data-type=\"page\" data-id=\"63\">Bist Du bereit, dann klicke\/tippe hier und Du kommst zur Station 1:<\/a><\/p>\n","protected":false},"excerpt":{"rendered":"<p>Ich habe 2 Varianten vorbereitet: A: Pers\u00f6nliche oder schwere Not und B: Gebet f\u00fcr Deine Gemeinde \u201eA\u201c ist f\u00fcr die, die eine Not vor Gott bringen wollen, (z. B. eine S\u00fcnde\/Sucht, eine Ungerechtigkeit im pers\u00f6nlichen Umfeld, etc.) \u2013 die Dir ein Herzensanliegen ist. Ich habe als Beispiel das Gebet von Nehemia genommen, als er von&hellip; <a class=\"more-link\" href=\"https:\/\/pgander.de\/?page_id=27\"><span class=\"screen-reader-text\">Erkl\u00e4rung des virtuellen Gebetspaziergangs<\/span> weiterlesen<\/a><\/p>\n","protected":false},"author":1,"featured_media":0,"parent":0,"menu_order":0,"comment_status":"closed","ping_status":"closed","template":"","meta":{"footnotes":""},"class_list":["post-27","page","type-page","status-publish","hentry","entry"],"_links":{"self":[{"href":"https:\/\/pgander.de\/index.php?rest_route=\/wp\/v2\/pages\/27","targetHints":{"allow":["GET"]}}],"collection":[{"href":"https:\/\/pgander.de\/index.php?rest_route=\/wp\/v2\/pages"}],"about":[{"href":"https:\/\/pgander.de\/index.php?rest_route=\/wp\/v2\/types\/page"}],"author":[{"embeddable":true,"href":"https:\/\/pgander.de\/index.php?rest_route=\/wp\/v2\/users\/1"}],"replies":[{"embeddable":true,"href":"https:\/\/pgander.de\/index.php?rest_route=%2Fwp%2Fv2%2Fcomments&post=27"}],"version-history":[{"count":7,"href":"https:\/\/pgander.de\/index.php?rest_route=\/wp\/v2\/pages\/27\/revisions"}],"predecessor-version":[{"id":142,"href":"https:\/\/pgander.de\/index.php?rest_route=\/wp\/v2\/pages\/27\/revisions\/142"}],"wp:attachment":[{"href":"https:\/\/pgander.de\/index.php?rest_route=%2Fwp%2Fv2%2Fmedia&parent=27"}],"curies":[{"name":"wp","href":"https:\/\/api.w.org\/{rel}","templated":true}]}}