{"id":63,"date":"2024-04-15T12:00:45","date_gmt":"2024-04-15T12:00:45","guid":{"rendered":"https:\/\/pgander.de\/?page_id=63"},"modified":"2025-04-12T09:06:59","modified_gmt":"2025-04-12T09:06:59","slug":"station-1-anfang-deines-persoenlichen-gebets","status":"publish","type":"page","link":"https:\/\/pgander.de\/?page_id=63","title":{"rendered":"Station 1 &#8211; Anfang deines pers\u00f6nlichen Gebets"},"content":{"rendered":"\n<p><strong>A+B<\/strong>: Gebet ist reden mit Gott. Da Du ihn nicht siehst, macht es manchmal Sinn, ihn mit (s)einem oder mehreren Namen anzusprechen. Und vielleicht noch die eine oder andere Tat von Gott dazu erw\u00e4hnen. Das tolle dabei ist, dass Du jetzt die Wahl hast aus ca. 630 Namen, die die Bibel kennt.<\/p>\n\n\n\n<p>Ist doch klar: Du betest doch nicht zu Zeus oder Thor oder Allah. Ich bin mal einem Menschen begegnet, der jedes Gebet, das ich von ihm h\u00f6rte, mit \u201eGott\u201c angefangen hat. Kann man machen! Die gro\u00dfen Beter der Bibel haben ihre Ehrfurcht und Anbetung mit dem Gebrauch von mehreren Namen in ihren Gebeten mit zum Ausdruck gebracht. Das sch\u00f6ne dabei ist, dass Du Gott noch besser kennen lernst!<\/p>\n\n\n\n<p><strong>A:<\/strong> Nehemia gebraucht folgende Namen in seinem Gebet: <strong>Und ich sprach: Ach, HERR, Gott des Himmels, du gro\u00dfer und furchtbarer Gott, der den Bund und die Gnade denen bewahrt, die ihn lieben und seine Gebote bewahren!<\/strong> Nehemia 1:5<\/p>\n\n\n\n<p>Auf die heutige Zeit bezogen, in Deiner Situation (Not), hast Du wohl M\u00fche, das Wort \u201eBund\u201c in den Mund zu nehmen. Man k\u00f6nnte das Wort \u201eBund\u201c teilweise mit \u201ealle Versprechen\u201c umschreiben \u2013 Gott h\u00e4lt alles was er verspricht.<\/p>\n\n\n\n<p><strong>B:<\/strong> Im Gebet f\u00fcr die Epheser (Eph 1:16) nennt Paulus Gott so: \u201e<strong>Der Gott unseres Herrn Jesus Christus, der herrliche Vater<\/strong>\u201c. Kurze Erkl\u00e4rung dazu: Im griechischen Urtext wird so ein Teil der Dreieinigkeit: Gottvater ist Gott, der Herr Jesus Christus ist Gott, zusammen sind sie auch \u201eGott\u201c, ausgedr\u00fcckt. Verstandesm\u00e4\u00dfig nicht zu verstehen, Gott ist gr\u00f6\u00dfer als unser Verstand. Vielleicht nennst Du Gott in deinem Gebet: \u201eDu dreieiniger Gott, unser Vater im Himmel \u2026\u201c oder nimmst einen oder mehrere Namen Gottes, die Du kennst.<\/p>\n\n\n\n<p><strong>A+B:<\/strong> Schreibe hier den Anfang deines Gebetes, indem Du mit Namen Gottes anf\u00e4ngst.<\/p>\n\n\n\n<p>Schreibe Deinen pers\u00f6nlichen Gebetsanfang auf das K\u00e4rtchen.<\/p>\n\n\n\n<p>Und wenn Du Lust hast, f\u00fcge Deinem Gebet nach den Namen noch eine, zwei Taten Gottes dazu: (z. B. \u201edu h\u00e4ltst alle deine Versprechen\u201c, oder: \u201eDu hast meine S\u00fcnden alle ins tiefste Meer geworfen\u201c (Mic. 7:19) oder: du bist nicht wie ein Mensch, du kannst nicht l\u00fcgen\u201c (Numeri 23:19) oder &#8230;)<\/p>\n\n\n\n<p>Wenn Du den Anfang Deines Gebetes hast, gehe weiter zu Station 2 &#8230;<\/p>\n\n\n\n<p><strong>Tipp f\u00fcr dein weiteres Leben:<\/strong> Versuche, Deine Gebete \u00f6fter anders anzufangen, indem Du verschiedene Namen Gottes verwendest. Z. B. betest Du f\u00fcr einen kranken Menschen, kannst Du so anfangen: Herr, du bist der Arzt, \u2026<\/p>\n\n\n\n<p>Hast Du jetzt einen oder mehrere Namen Gottes als Anfang aufgeschrieben&#8230; nimm Dir ruhig viel Zeit daf\u00fcr, dann:<\/p>\n\n\n\n<p><a href=\"https:\/\/pgander.de\/?page_id=66\" data-type=\"page\" data-id=\"66\">gehe weiter zu Station 2, indem Du hier klickst\/tippst \ud83d\ude42<\/a><\/p>\n","protected":false},"excerpt":{"rendered":"<p>A+B: Gebet ist reden mit Gott. Da Du ihn nicht siehst, macht es manchmal Sinn, ihn mit (s)einem oder mehreren Namen anzusprechen. Und vielleicht noch die eine oder andere Tat von Gott dazu erw\u00e4hnen. Das tolle dabei ist, dass Du jetzt die Wahl hast aus ca. 630 Namen, die die Bibel kennt. Ist doch klar:&hellip; <a class=\"more-link\" href=\"https:\/\/pgander.de\/?page_id=63\"><span class=\"screen-reader-text\">Station 1 &#8211; Anfang deines pers\u00f6nlichen Gebets<\/span> weiterlesen<\/a><\/p>\n","protected":false},"author":1,"featured_media":0,"parent":0,"menu_order":0,"comment_status":"closed","ping_status":"closed","template":"","meta":{"footnotes":""},"class_list":["post-63","page","type-page","status-publish","hentry","entry"],"_links":{"self":[{"href":"https:\/\/pgander.de\/index.php?rest_route=\/wp\/v2\/pages\/63","targetHints":{"allow":["GET"]}}],"collection":[{"href":"https:\/\/pgander.de\/index.php?rest_route=\/wp\/v2\/pages"}],"about":[{"href":"https:\/\/pgander.de\/index.php?rest_route=\/wp\/v2\/types\/page"}],"author":[{"embeddable":true,"href":"https:\/\/pgander.de\/index.php?rest_route=\/wp\/v2\/users\/1"}],"replies":[{"embeddable":true,"href":"https:\/\/pgander.de\/index.php?rest_route=%2Fwp%2Fv2%2Fcomments&post=63"}],"version-history":[{"count":3,"href":"https:\/\/pgander.de\/index.php?rest_route=\/wp\/v2\/pages\/63\/revisions"}],"predecessor-version":[{"id":144,"href":"https:\/\/pgander.de\/index.php?rest_route=\/wp\/v2\/pages\/63\/revisions\/144"}],"wp:attachment":[{"href":"https:\/\/pgander.de\/index.php?rest_route=%2Fwp%2Fv2%2Fmedia&parent=63"}],"curies":[{"name":"wp","href":"https:\/\/api.w.org\/{rel}","templated":true}]}}