{"id":66,"date":"2024-04-15T12:03:30","date_gmt":"2024-04-15T12:03:30","guid":{"rendered":"https:\/\/pgander.de\/?page_id=66"},"modified":"2025-04-12T09:09:21","modified_gmt":"2025-04-12T09:09:21","slug":"station-2-sage-gott-jesus-christus-dass-er-dich-hoeren-soll-dass-du-jetzt-betest","status":"publish","type":"page","link":"https:\/\/pgander.de\/?page_id=66","title":{"rendered":"Station 2 \u2013 sage Gott (Jesus Christus), dass er dich h\u00f6ren soll, dass du jetzt betest:"},"content":{"rendered":"\n<p><strong>A:<\/strong> Nehemia hat sein Gebet, nachdem er Gott mit einigen Namen angesprochen hat, so weiter gef\u00fchrt (Neh. 1:6a): <strong>Lass doch dein Ohr aufmerksam und deine Augen offen sein, dass du auf das Gebet deines Knechtes h\u00f6rst, das ich heute, Tag und Nacht, f\u00fcr die S\u00f6hne Israel, deine Knechte, vor dir bete<\/strong> \u2026 \/<\/p>\n\n\n\n<p>Nat\u00fcrlich solltest Du ehrlich sein und z. B. sagen: \u2026 h\u00f6re auf mich, jeden Tag \/ Woche bete und w\u00fcnsche ich, dass \u2026 (und Du nennst Deine Not).<\/p>\n\n\n\n<p>Vielleicht f\u00e4ngst Du erst an daf\u00fcr zu beten, dann schreibe auf K\u00e4rtchen 2: \u201e\u2026 ab jetzt bete \u2026\u201c in Deinem Gebet.<\/p>\n\n\n\n<p><strong>B:<\/strong> Paulus betet in Kolosser 1,9:<strong> Deshalb h\u00f6ren auch wir nicht auf, von dem Tag an, da wir es geh\u00f6rt haben, f\u00fcr euch zu beten und zu bitten,<\/strong> &#8230;\/ Nachdem Du einen oder mehrere Namen Gottes (war in Station 1&#8230;) aufgeschrieben hast, f\u00fcge jetzt auf K\u00e4rtchen 2 dazu, ab wann und wie oft Du schon daf\u00fcr betest (kann auch \u201eab jetzt\u201c sein :-)). Dann nennst Du das Anliegen \u2013 Paulus betet weiter in Kolosser, nennt sein allgemeines Anliegen, dass die Kolosser den intimen Willen Gottes \u201eerlernen\u201c 1:9: \u2026 <strong>dass ihr mit der Erkenntnis seines Willens erf\u00fcllt werdet in aller Weisheit und geistlichem Verst\u00e4ndnis<\/strong> \u2026<\/p>\n\n\n\n<p><strong>A+B<\/strong>: f\u00fchre Dein Gebet weiter, z. B. schreibe in diesem Sinne auf das n\u00e4chste K\u00e4rtchen:<\/p>\n\n\n\n<p>Bitte IHN, dass er dich h\u00f6rt, zeige IHM, wie ernst Dir Dein Anliegen ist, indem Du sagst, wie oft Du es betest (t\u00e4glich \/ w\u00f6chentlich) und nenne das Anliegen beim Namen \u2013 in Station 3 nennst Du Dein Anliegen detaillierter \u2013 im Sinne, dass Du messen kannst, wann Gott dein Gebet wortw\u00f6rtlich beantwortet hat.<\/p>\n\n\n\n<p><a href=\"https:\/\/pgander.de\/?page_id=69\" data-type=\"page\" data-id=\"69\">Um weiter zu kommen, zu Station 3, klicke\/tippe hier &#8230;<\/a><\/p>\n","protected":false},"excerpt":{"rendered":"<p>A: Nehemia hat sein Gebet, nachdem er Gott mit einigen Namen angesprochen hat, so weiter gef\u00fchrt (Neh. 1:6a): Lass doch dein Ohr aufmerksam und deine Augen offen sein, dass du auf das Gebet deines Knechtes h\u00f6rst, das ich heute, Tag und Nacht, f\u00fcr die S\u00f6hne Israel, deine Knechte, vor dir bete \u2026 \/ Nat\u00fcrlich solltest&hellip; <a class=\"more-link\" href=\"https:\/\/pgander.de\/?page_id=66\"><span class=\"screen-reader-text\">Station 2 \u2013 sage Gott (Jesus Christus), dass er dich h\u00f6ren soll, dass du jetzt betest:<\/span> weiterlesen<\/a><\/p>\n","protected":false},"author":1,"featured_media":0,"parent":0,"menu_order":0,"comment_status":"closed","ping_status":"closed","template":"","meta":{"footnotes":""},"class_list":["post-66","page","type-page","status-publish","hentry","entry"],"_links":{"self":[{"href":"https:\/\/pgander.de\/index.php?rest_route=\/wp\/v2\/pages\/66","targetHints":{"allow":["GET"]}}],"collection":[{"href":"https:\/\/pgander.de\/index.php?rest_route=\/wp\/v2\/pages"}],"about":[{"href":"https:\/\/pgander.de\/index.php?rest_route=\/wp\/v2\/types\/page"}],"author":[{"embeddable":true,"href":"https:\/\/pgander.de\/index.php?rest_route=\/wp\/v2\/users\/1"}],"replies":[{"embeddable":true,"href":"https:\/\/pgander.de\/index.php?rest_route=%2Fwp%2Fv2%2Fcomments&post=66"}],"version-history":[{"count":2,"href":"https:\/\/pgander.de\/index.php?rest_route=\/wp\/v2\/pages\/66\/revisions"}],"predecessor-version":[{"id":145,"href":"https:\/\/pgander.de\/index.php?rest_route=\/wp\/v2\/pages\/66\/revisions\/145"}],"wp:attachment":[{"href":"https:\/\/pgander.de\/index.php?rest_route=%2Fwp%2Fv2%2Fmedia&parent=66"}],"curies":[{"name":"wp","href":"https:\/\/api.w.org\/{rel}","templated":true}]}}