{"id":69,"date":"2024-04-15T12:10:27","date_gmt":"2024-04-15T12:10:27","guid":{"rendered":"https:\/\/pgander.de\/?page_id=69"},"modified":"2025-04-12T09:12:35","modified_gmt":"2025-04-12T09:12:35","slug":"station-3-das-anliegen-wird-genauer-erklaert","status":"publish","type":"page","link":"https:\/\/pgander.de\/?page_id=69","title":{"rendered":"Station 3 \u2013 Das Anliegen wird genauer erkl\u00e4rt:"},"content":{"rendered":"\n<p><strong>A:<\/strong> Nehemia betet so weiter: (Neh 1,6b): <strong>f\u00fcr die S\u00f6hne Israel, deine Knechte,<\/strong><\/p>\n\n\n\n<p>Nehemia betet f\u00fcr sein Volk. Da das Volk ges\u00fcndigt hat, betet er so weiter (Neh 1,6b): <strong>und mit dem ich die S\u00fcnden der S\u00f6hne Israel bekenne, die wir gegen dich begangen haben! <\/strong>Nehemia erw\u00e4hnte sicher auch den Zustand der Mauern und des Tempels Jerusalem \u2013 benenne deine Not, bitte Gott um eine L\u00f6sung, von der Du messen kannst, ob\/wann Gott Dein Gebet erh\u00f6rt.<\/p>\n\n\n\n<p>Zu pers\u00f6nlichen S\u00fcnden kommen wir in Station 4 \u2013 Falls Du kannst, schreibe auf K\u00e4rtchen 3 die Fortsetzung, indem Du die Not genauer erkl\u00e4rst \u2013<strong> f\u00e4llt Dir nichts ein, gehe einfach so zu Station 4 <\/strong>\u2013 wenn Du etwas geschrieben hast, gehe danach weiter zu Station 4.<\/p>\n\n\n\n<p><strong>B:<\/strong> ich habe Kolosser 1:9-12a) als Leitfaden genommen und ab und zu aus anderen Gebeten des Paulus \u201eabgekupfert\u201c.<\/p>\n\n\n\n<p>Allgemein haben wir das Anliegen des Paulus in V. 9 gesehen: dass die Kolosser den Willen Gottes erkennen. Paulus nennt nun 5 genauere Bitten, die er tagt\u00e4glich f\u00fcr die Gemeinde in Koloss\u00e4 betet \u2013 ich habe es in eigenen Worten kurz zusammengefasst:<\/p>\n\n\n\n<p><strong>1.<\/strong> dass ihr Lebenswandel Gott wohlgef\u00e4llig ist,<\/p>\n\n\n\n<p><strong>2.<\/strong> dass sie Gott durch jedes gute Werk Frucht bringen,<\/p>\n\n\n\n<p><strong>3.<\/strong> dass ihre Erkenntnis (= intime Gemeinschaft mit immer besserem Kennenlernen) Gottes w\u00e4chst,<\/p>\n\n\n\n<p><strong>4.<\/strong> dass sie \u00fcberreichlich<strong> Kraft*<\/strong> haben, um geduldig zu sein und Widerw\u00e4rtigkeiten zu ertragen und auch dann (noch):<\/p>\n\n\n\n<p><strong>5.<\/strong> mit Freuden dem Vater Dank sagen (Da kann man das Griechische auch so \u00fcbersetzen, dass dies nicht mehr zum Gebet des Paulus geh\u00f6rt, sondern ein Befehl ist: Sagt dem Vater Dank \u2026!)<\/p>\n\n\n\n<p><strong>Kraft\/kraftvoll<\/strong><strong>*: unser Thema der Freizeit &#8230;<\/strong><\/p>\n\n\n\n<p>Es ist aber auch dann nicht falsch, zu beten: Schenke, dass jedes Mitglied der Gemeinde oft mit Freuden dem Vater Dank sagt und ich das von einigen irgendwie konkret erfahre \u2026<\/p>\n\n\n\n<p>Versuche, Dein pers\u00f6nliches Gebet so weiter zu f\u00fchren, dass Du <strong>konkret messen<\/strong> kannst ob Gott es so beantwortet.<\/p>\n\n\n\n<p>Ein Gebet wie \u201e\u2026 segne alle Missionare und alle Gemeindemitglieder \u2026\u201c t\u00f6nt zwar fromm, doch Du kannst nicht erkennen, ob Gott es so beantwortet.<\/p>\n\n\n\n<p>Ich pers\u00f6nlich wei\u00df, dass es den einen oder anderen in der Gemeinde gibt, der mit Dingen k\u00e4mpft, die ihm\/ihr eine Last sind.<\/p>\n\n\n\n<p>Die sage ich, Peter, Gott fast jeden Tag namentlich. Vielleicht hat Gott Dir ebenfalls den einen oder anderen aufs Herz gelegt \u2013 hier ist die Gelegenheit, dies in dein pers\u00f6nliches Gebet einzubauen.<\/p>\n\n\n\n<p>Oder Du orientierst Dich an unseren \u201e5Ge\u201c:<\/p>\n\n\n\n<p><strong>G<\/strong>ott <strong>e<\/strong>hren,<\/p>\n\n\n\n<p><strong>G<\/strong>elsenkirchen <strong>e<\/strong>rreichen,<\/p>\n\n\n\n<p><strong>G<\/strong>emeinde <strong>e<\/strong>rbauen,<\/p>\n\n\n\n<p><strong>g<\/strong>eistliche Leiterschaft <strong>e<\/strong>ntwickeln (fallen Dir Namen ein?) und<\/p>\n\n\n\n<p><strong>G<\/strong>emeindegr\u00fcnder <strong>e<\/strong>insetzen.<\/p>\n\n\n\n<p>Gerne antworte ich auf das was Du in einen Kommentar schreibst &#8211; scrolle nach unten dazu &#8230;<\/p>\n\n\n\n<p><a href=\"https:\/\/pgander.de\/?page_id=72\" data-type=\"page\" data-id=\"72\">Dann weiter zur letzten Station Deines virtuellen Spaziergangs: Station 4 &#8211; tippen\/klicken<\/a><\/p>\n","protected":false},"excerpt":{"rendered":"<p>A: Nehemia betet so weiter: (Neh 1,6b): f\u00fcr die S\u00f6hne Israel, deine Knechte, Nehemia betet f\u00fcr sein Volk. Da das Volk ges\u00fcndigt hat, betet er so weiter (Neh 1,6b): und mit dem ich die S\u00fcnden der S\u00f6hne Israel bekenne, die wir gegen dich begangen haben! Nehemia erw\u00e4hnte sicher auch den Zustand der Mauern und des&hellip; <a class=\"more-link\" href=\"https:\/\/pgander.de\/?page_id=69\"><span class=\"screen-reader-text\">Station 3 \u2013 Das Anliegen wird genauer erkl\u00e4rt:<\/span> weiterlesen<\/a><\/p>\n","protected":false},"author":1,"featured_media":0,"parent":0,"menu_order":0,"comment_status":"closed","ping_status":"closed","template":"","meta":{"footnotes":""},"class_list":["post-69","page","type-page","status-publish","hentry","entry"],"_links":{"self":[{"href":"https:\/\/pgander.de\/index.php?rest_route=\/wp\/v2\/pages\/69","targetHints":{"allow":["GET"]}}],"collection":[{"href":"https:\/\/pgander.de\/index.php?rest_route=\/wp\/v2\/pages"}],"about":[{"href":"https:\/\/pgander.de\/index.php?rest_route=\/wp\/v2\/types\/page"}],"author":[{"embeddable":true,"href":"https:\/\/pgander.de\/index.php?rest_route=\/wp\/v2\/users\/1"}],"replies":[{"embeddable":true,"href":"https:\/\/pgander.de\/index.php?rest_route=%2Fwp%2Fv2%2Fcomments&post=69"}],"version-history":[{"count":4,"href":"https:\/\/pgander.de\/index.php?rest_route=\/wp\/v2\/pages\/69\/revisions"}],"predecessor-version":[{"id":148,"href":"https:\/\/pgander.de\/index.php?rest_route=\/wp\/v2\/pages\/69\/revisions\/148"}],"wp:attachment":[{"href":"https:\/\/pgander.de\/index.php?rest_route=%2Fwp%2Fv2%2Fmedia&parent=69"}],"curies":[{"name":"wp","href":"https:\/\/api.w.org\/{rel}","templated":true}]}}