{"id":72,"date":"2024-04-15T12:11:50","date_gmt":"2024-04-15T12:11:50","guid":{"rendered":"https:\/\/pgander.de\/?page_id=72"},"modified":"2024-04-15T12:38:42","modified_gmt":"2024-04-15T12:38:42","slug":"station-4-in-der-stille-persoenliche-suenden-jesus-christus-bekennen","status":"publish","type":"page","link":"https:\/\/pgander.de\/?page_id=72","title":{"rendered":"Station 4 \u2013 in der Stille pers\u00f6nliche S\u00fcnden Jesus Christus bekennen:"},"content":{"rendered":"\n<p><strong>A+B<\/strong>: F\u00fcr \u201eB\u201c sehe ich in keinem Gebet des Paulus, dass er S\u00fcnden bekennt, doch im 1. Timotheusbrief nennt er sich den gr\u00f6\u00dften S\u00fcnder. Und ich bin sicher, dass er seine Unzul\u00e4nglichkeiten Jesus oft bekannt hat. Auch \u201eB\u201c kann nun dem Beispiel Nehemias folgen (wie Gruppe A). Er betet weiter (immer noch Neh. 1,6b, dazu noch V. 7): \u201e<strong>auch ich und meines Vaters Haus haben ges\u00fcndigt. Sehr b\u00f6se haben wir gegen dich gehandelt und haben nicht die Gebote und die Ordnungen und die Rechtsbestimmungen bewahrt, die du deinem Knecht Mose geboten hast.<\/strong>\u201c<\/p>\n\n\n\n<p>Bleibe ein paar Minuten still und wenn Dir eine oder gar ein paar konkrete S\u00fcnden einfallen, die Du noch nicht Jesus Christus bekannt hast, tue dies jetzt. \u2026 ( nichts aufschreiben :-))<\/p>\n\n\n\n<p>Ein Gebet, dass vielleicht zu dieser Station passt:<\/p>\n\n\n\n<p>Erforsche mich, Gott, und erkenne mein Herz;<\/p>\n\n\n\n<p>pr\u00fcfe mich und erkenne, wie ich\u2019s meine.<\/p>\n\n\n\n<p>Und sieh, ob ich auf b\u00f6sem Wege bin,<\/p>\n\n\n\n<p>und leite mich auf ewigem Wege.<\/p>\n\n\n\n<p>Ps 139:23-24<\/p>\n\n\n\n<p>Das war es auch schon. Wenn Du magst, <a href=\"https:\/\/pgander.de\" data-type=\"page\" data-id=\"14\">schreib einen Kommentar, gib ein Feedback<\/a>. Danke!<\/p>\n","protected":false},"excerpt":{"rendered":"<p>A+B: F\u00fcr \u201eB\u201c sehe ich in keinem Gebet des Paulus, dass er S\u00fcnden bekennt, doch im 1. Timotheusbrief nennt er sich den gr\u00f6\u00dften S\u00fcnder. Und ich bin sicher, dass er seine Unzul\u00e4nglichkeiten Jesus oft bekannt hat. Auch \u201eB\u201c kann nun dem Beispiel Nehemias folgen (wie Gruppe A). Er betet weiter (immer noch Neh. 1,6b, dazu&hellip; <a class=\"more-link\" href=\"https:\/\/pgander.de\/?page_id=72\"><span class=\"screen-reader-text\">Station 4 \u2013 in der Stille pers\u00f6nliche S\u00fcnden Jesus Christus bekennen:<\/span> weiterlesen<\/a><\/p>\n","protected":false},"author":1,"featured_media":0,"parent":0,"menu_order":0,"comment_status":"closed","ping_status":"closed","template":"","meta":{"footnotes":""},"class_list":["post-72","page","type-page","status-publish","hentry","entry"],"_links":{"self":[{"href":"https:\/\/pgander.de\/index.php?rest_route=\/wp\/v2\/pages\/72","targetHints":{"allow":["GET"]}}],"collection":[{"href":"https:\/\/pgander.de\/index.php?rest_route=\/wp\/v2\/pages"}],"about":[{"href":"https:\/\/pgander.de\/index.php?rest_route=\/wp\/v2\/types\/page"}],"author":[{"embeddable":true,"href":"https:\/\/pgander.de\/index.php?rest_route=\/wp\/v2\/users\/1"}],"replies":[{"embeddable":true,"href":"https:\/\/pgander.de\/index.php?rest_route=%2Fwp%2Fv2%2Fcomments&post=72"}],"version-history":[{"count":3,"href":"https:\/\/pgander.de\/index.php?rest_route=\/wp\/v2\/pages\/72\/revisions"}],"predecessor-version":[{"id":84,"href":"https:\/\/pgander.de\/index.php?rest_route=\/wp\/v2\/pages\/72\/revisions\/84"}],"wp:attachment":[{"href":"https:\/\/pgander.de\/index.php?rest_route=%2Fwp%2Fv2%2Fmedia&parent=72"}],"curies":[{"name":"wp","href":"https:\/\/api.w.org\/{rel}","templated":true}]}}